{"id":1893,"date":"2019-05-14T10:14:46","date_gmt":"2019-05-14T10:14:46","guid":{"rendered":"https:\/\/donesidrets.uab.cat\/?page_id=1893"},"modified":"2024-02-08T08:10:17","modified_gmt":"2024-02-08T08:10:17","slug":"presentacio","status":"publish","type":"page","link":"https:\/\/donesidrets.uab.cat\/index.php\/presentacio\/","title":{"rendered":"Presentaci\u00f3"},"content":{"rendered":"\n<section class=\"wp-block-uagb-columns uagb-columns__wrap uagb-columns__background-image uagb-columns__stack-mobile uagb-columns__valign- uagb-columns__gap-10 alignfull uagb-block-6a0331e6 uagb-columns__columns-2 uagb-columns__max_width-theme\"><div class=\"uagb-columns__overlay\"><\/div><div class=\"uagb-columns__inner-wrap uagb-columns__columns-2\">\n<div class=\"wp-block-uagb-column uagb-column__wrap uagb-column__background-undefined uagb-block-bf57fe4e\"><div class=\"uagb-column__overlay\"><\/div>\n<div class=\"wp-block-uagb-info-box uagb-block-44e65a8e uagb-infobox__content-wrap  uagb-infobox-icon-above-title uagb-infobox-image-valign-top\"><div class=\"uagb-ifb-content\"><div class=\"uagb-ifb-title-wrap\"><span class=\"uagb-ifb-title-prefix\"><em>Grup de recerca<\/em><\/span><h1 class=\"uagb-ifb-title\">Dones i Drets<\/h1><\/div><p class=\"uagb-ifb-desc\">Facultat de Dret<br>Universitat Aut\u00f2noma de Barcelona<\/p><\/div><\/div>\n\n\n\n<p><\/p>\n<\/div>\n\n\n\n<div class=\"wp-block-uagb-column uagb-column__wrap uagb-column__background-undefined uagb-block-03a66bba\"><div class=\"uagb-column__overlay\"><\/div><\/div>\n<\/div><div class=\"uagb-columns__shape uagb-columns__shape-bottom uagb-columns__shape-flip\" data-negative=\"false\"><svg xmlns=\"https:\/\/www.w3.org\/2000\/svg\" viewBox=\"0 0 1000 100\" preserveAspectRatio=\"none\"><path class=\"uagb-columns__shape-fill\" d=\"M421.9,6.5c22.6-2.5,51.5,0.4,75.5,5.3c23.6,4.9,70.9,23.5,100.5,35.7c75.8,32.2,133.7,44.5,192.6,49.7  c23.6,2.1,48.7,3.5,103.4-2.5c54.7-6,106.2-25.6,106.2-25.6V0H0v30.3c0,0,72,32.6,158.4,30.5c39.2-0.7,92.8-6.7,134-22.4  c21.2-8.1,52.2-18.2,79.7-24.2C399.3,7.9,411.6,7.5,421.9,6.5z\"><\/path><\/svg><\/div><\/section>\n\n\n\n<div style=\"height:150px\" aria-hidden=\"true\" class=\"wp-block-spacer\"><\/div>\n\n\n\n<section class=\"wp-block-uagb-columns uagb-columns__wrap uagb-columns__background-image uagb-columns__stack-mobile uagb-columns__valign- uagb-columns__gap-10 align uagb-block-57e52567 uagb-columns__columns-2 uagb-columns__max_width-theme\"><div class=\"uagb-columns__overlay\"><\/div><div class=\"uagb-columns__inner-wrap uagb-columns__columns-2\">\n<div class=\"wp-block-uagb-column uagb-column__wrap uagb-column__background-image uagb-block-ab1deaed\"><div class=\"uagb-column__overlay\"><\/div><\/div>\n\n\n\n<div class=\"wp-block-uagb-column uagb-column__wrap uagb-column__background-undefined uagb-block-6eb181e1\"><div class=\"uagb-column__overlay\"><\/div>\n<p><strong>OBJECTIUS<\/strong><\/p>\n\n\n\n<p>El Centre d&#8217;Estudis i Recerca de Dones i Drets CEDD t\u00e9 per objecte coordinar i impulsar les activitats investigadores directament relacionades amb el g\u00e8nere o els g\u00e8neres. Associades a aquesta tem\u00e0tica es duen a terme tasques de formaci\u00f3 i divulgaci\u00f3 cient\u00edfica amb els centres i institucions de dins i fora de la UAB. En aquesta tasca pretenem contribuir al desenvolupament dels estudis de g\u00e8nere, divulgar els resultats i generar complicitats que permetin remoure les inequitats existents.<\/p>\n\n\n\n<p>\u00c9s un f\u00f2rum d&#8217;investigadores i investigadors de l&#8217;\u00e0mbit universitari interessades a promoure aquests estudis des d&#8217;una perspectiva interdisplinar o multidisciplin\u00e0ria. El centre s&#8217;integra, principalment, per un ampli col\u00b7lectiu de professores i professors universitaris de totes les \u00e0rees de la Facultat de Dret de la UAB que, de manera individual o en grup, treballa temes de g\u00e8nere. Aquesta composici\u00f3 universit\u00e0ria fa que un dels \u00e0mbits immediats sobre els quals incideixen tals recerques sigui la doc\u00e8ncia impartida.<\/p>\n\n\n\n<p><strong>TRAJECT\u00d2RIA<\/strong><\/p>\n\n\n\n<p>En el curs acad\u00e8mic 2002\/2003 la Dra. Francesca Puigpelat, degana llavors de la Facultat de Dret i amb motiu de la celebraci\u00f3 del Dia Internacional de la Dona, va promoure la creaci\u00f3 del grup \u201cDones i Drets\u201d. El grup apareixia constitu\u00eft per professores de la Facultat de Dret que en els seus \u00e0mbits de recerca treballaven la perspectiva i l&#8217;enfocament del g\u00e8nere. Els objectius inicials van ser promoure l&#8217;ensenyament no sexista del Dret, desenvolupar els drets de les dones, aprofundir en els drets de les dones mitjan\u00e7ant la recerca, i col\u00b7laborar amb projectes i activitats conjuntes sobre aquest tema.<\/p>\n\n\n\n<p>Despr\u00e9s de diverses accions, que van propiciar la reflexi\u00f3 i el debat entre les diferents disciplines jur\u00eddiques que s&#8217;impartien en la Facultat de Dret, es consolida com a grup.<\/p>\n\n\n\n<p>L&#8217;activitat del Grup \u00abDones i Drets\u00bb va rebre reconeixement en l&#8217;acte institucional celebrat en el Rectorat el dia 8 de mar\u00e7 de 2013. El 20 de novembre de 2014, l&#8217;Associaci\u00f3 d&#8217;Amics de la UAB va atorgar el premi Col\u00b7lectiu UAB al Grup Dones i Drets.<\/p>\n\n\n\n<p>Per acord del Consell de Govern de 27 de setembre de 2017 \u00e9s un Centre d&#8217;Estudis i de Recerca de la UAB. El dia 7 de mar\u00e7 de 2019, sent directora la Dra. Mar\u00eda Jes\u00fas Espuny Tom\u00e1s, el grup va rebre el reconeixement institucional de la UAB amb motiu del dia de la dona. Actualment, el Grup \u00abDones i Drets\u00bb ha ampliat el n\u00famero dels seus membres i treballa la l\u00ednia espec\u00edfica de recerca en g\u00e8nere incorporant tamb\u00e9 aspectes relacionats amb altres identitats de g\u00e8nere, perqu\u00e8 entenem que la igualtat de g\u00e8neres -com indica el ODS 5- no sols \u00e9s un dret hum\u00e0 fonamental, sin\u00f3 que \u00e9s un dels fonaments essencials per a construir un m\u00f3n pac\u00edfic, pr\u00f2sper i sostenible.<\/p>\n\n\n\n<p>El 26 de setembre de 2022 per acord del rectorat de la Universitat Aut\u00f2noma de Barcelona es nomenat director del Centre el Dr. Miguel \u00c1ngel S\u00e1nchez Huete, com a subdirectora la Dra. Carolina Gala Dur\u00e1n i com a secretaria la Dra. Olga Paz Torres.<\/p>\n\n\n\n<div style=\"height:40px\" aria-hidden=\"true\" class=\"wp-block-spacer\"><\/div>\n\n\n\n<figure class=\"wp-block-image is-resized\"><img loading=\"lazy\" decoding=\"async\" src=\"https:\/\/donesidrets.uab.cat\/wp-content\/uploads\/2019\/05\/logoBN.png\" alt=\"\" class=\"wp-image-1679\" width=\"207\" height=\"59\"\/><\/figure>\n\n\n\n<div style=\"height:10px\" aria-hidden=\"true\" class=\"wp-block-spacer\"><\/div>\n\n\n\n<div style=\"height:20px\" aria-hidden=\"true\" class=\"wp-block-spacer\"><\/div>\n\n\n\n<div class=\"wp-block-uagb-icon-list uagb-block-1d56d51d uagb-icon-list__outer-wrap uagb-icon-list__layout-horizontal uagb-icon-list__no-label\" id=\"uagb-icon-list-edba06c2-5f10-4032-afe8-8dd7b06f7cce\"><div class=\"uagb-icon-list__wrap\">\n<div class=\"wp-block-uagb-icon-list-child uagb-block-59ab96ea\"><span class=\"uagb-icon-list__source-wrap\"><svg xmlns=\"https:\/\/www.w3.org\/2000\/svg\" viewBox=\"0 0 512 512\"><path d=\"M256 0C114.6 0 0 114.6 0 256c0 141.4 114.6 256 256 256s256-114.6 256-256C512 114.6 397.4 0 256 0zM406.6 278.6l-103.1 103.1c-12.5 12.5-32.75 12.5-45.25 0s-12.5-32.75 0-45.25L306.8 288H128C110.3 288 96 273.7 96 256s14.31-32 32-32h178.8l-49.38-49.38c-12.5-12.5-12.5-32.75 0-45.25s32.75-12.5 45.25 0l103.1 103.1C414.6 241.3 416 251.1 416 256C416 260.9 414.6 270.7 406.6 278.6z\"><\/path><\/svg><\/span><span class=\"uagb-icon-list__label\">List item<\/span><\/div>\n\n\n\n<div class=\"wp-block-uagb-icon-list-child uagb-block-e77188ea\"><span class=\"uagb-icon-list__source-wrap\"><svg xmlns=\"https:\/\/www.w3.org\/2000\/svg\" viewBox=\"0 0 512 512\"><path d=\"M256 0C114.6 0 0 114.6 0 256c0 141.4 114.6 256 256 256s256-114.6 256-256C512 114.6 397.4 0 256 0zM406.6 278.6l-103.1 103.1c-12.5 12.5-32.75 12.5-45.25 0s-12.5-32.75 0-45.25L306.8 288H128C110.3 288 96 273.7 96 256s14.31-32 32-32h178.8l-49.38-49.38c-12.5-12.5-12.5-32.75 0-45.25s32.75-12.5 45.25 0l103.1 103.1C414.6 241.3 416 251.1 416 256C416 260.9 414.6 270.7 406.6 278.6z\"><\/path><\/svg><\/span><span class=\"uagb-icon-list__label\">List item<\/span><\/div>\n\n\n\n<div class=\"wp-block-uagb-icon-list-child uagb-block-d8395738\"><span class=\"uagb-icon-list__source-wrap\"><svg xmlns=\"https:\/\/www.w3.org\/2000\/svg\" viewBox=\"0 0 512 512\"><path d=\"M256 0C114.6 0 0 114.6 0 256c0 141.4 114.6 256 256 256s256-114.6 256-256C512 114.6 397.4 0 256 0zM406.6 278.6l-103.1 103.1c-12.5 12.5-32.75 12.5-45.25 0s-12.5-32.75 0-45.25L306.8 288H128C110.3 288 96 273.7 96 256s14.31-32 32-32h178.8l-49.38-49.38c-12.5-12.5-12.5-32.75 0-45.25s32.75-12.5 45.25 0l103.1 103.1C414.6 241.3 416 251.1 416 256C416 260.9 414.6 270.7 406.6 278.6z\"><\/path><\/svg><\/span><span class=\"uagb-icon-list__label\">List item<\/span><\/div>\n\n\n\n<div class=\"wp-block-uagb-icon-list-child uagb-block-e595a9a1\"><span class=\"uagb-icon-list__source-wrap\"><svg xmlns=\"https:\/\/www.w3.org\/2000\/svg\" viewBox=\"0 0 512 512\"><path d=\"M256 0C114.6 0 0 114.6 0 256c0 141.4 114.6 256 256 256s256-114.6 256-256C512 114.6 397.4 0 256 0zM406.6 278.6l-103.1 103.1c-12.5 12.5-32.75 12.5-45.25 0s-12.5-32.75 0-45.25L306.8 288H128C110.3 288 96 273.7 96 256s14.31-32 32-32h178.8l-49.38-49.38c-12.5-12.5-12.5-32.75 0-45.25s32.75-12.5 45.25 0l103.1 103.1C414.6 241.3 416 251.1 416 256C416 260.9 414.6 270.7 406.6 278.6z\"><\/path><\/svg><\/span><span class=\"uagb-icon-list__label\">List item<\/span><\/div>\n<\/div><\/div>\n\n\n\n<p><\/p>\n<\/div>\n<\/div><\/section>\n\n\n\n<section class=\"wp-block-uagb-section uagb-section__wrap uagb-section__background-undefined uagb-block-86622aba\"><div class=\"uagb-section__overlay\"><\/div><div class=\"uagb-section__inner-wrap\">\n<div class=\"wp-block-uagb-advanced-heading uagb-block-551c78f8\"><h2 class=\"uagb-heading-text\">Les nostres activitats<\/h2><p class=\"uagb-desc-text\"> Lorem ipsum dolor sit amet, consectetur adipisicing elit. In dolor, iusto doloremque<br> quo odio repudiandae sunt eveniet? Enim facilis laborum.<\/p><\/div>\n<\/div><\/section>\n\n\n\n<section class=\"wp-block-uagb-columns uagb-columns__wrap uagb-columns__stack-tablet uagb-columns__valign- uagb-columns__gap-10 align uagb-block-e6fdeb15 uagb-columns__columns-4 uagb-columns__max_width-theme\"><div class=\"uagb-columns__overlay\"><\/div><div class=\"uagb-columns__inner-wrap uagb-columns__columns-4\">\n<div class=\"wp-block-uagb-column uagb-column__wrap uagb-column__background-image uagb-block-6fca2f75\"><div class=\"uagb-column__overlay\"><\/div>\n<div class=\"wp-block-uagb-advanced-heading uagb-block-5759e486\"><h3 class=\"uagb-heading-text\"><a href=\"https:\/\/donesidrets.uab.cat\/index.php\/publicacions\/\"><font color=\"white\">LLIBRES<\/font><\/a><\/h3><p class=\"uagb-desc-text\"> <br> <br>Publicacions resultants de la nostra recerca  <\/p><\/div>\n<\/div>\n\n\n\n<div class=\"wp-block-uagb-column uagb-column__wrap uagb-column__background-image uagb-block-210f8f5a\"><div class=\"uagb-column__overlay\"><\/div>\n<div class=\"wp-block-uagb-advanced-heading uagb-block-0017de52\"><h3 class=\"uagb-heading-text\"><a href=\"https:\/\/donesidrets.uab.cat\/index.php\/activitas\/\"><font color=\"white\">ACTIVITATS<\/font><\/a><\/h3><p class=\"uagb-desc-text\"> <br>Les nostres jornades amb el respectiu resultat  <\/p><\/div>\n<\/div>\n\n\n\n<div class=\"wp-block-uagb-column uagb-column__wrap uagb-column__background-image uagb-block-ea14ff7d\"><div class=\"uagb-column__overlay\"><\/div>\n<div class=\"wp-block-uagb-advanced-heading uagb-block-d9826837\"><h3 class=\"uagb-heading-text\"><a href=\"https:\/\/donesidrets.uab.cat\/index.php\/articles\/\"><font color=\"white\">ARTICLES<\/font><\/a><\/h3><p class=\"uagb-desc-text\">Articles destacats dels nostres membres.<\/p><\/div>\n<\/div>\n\n\n\n<div class=\"wp-block-uagb-column uagb-column__wrap uagb-column__background-image uagb-block-35493cdc\"><div class=\"uagb-column__overlay\"><\/div>\n<div class=\"wp-block-uagb-advanced-heading uagb-block-753f3d70\"><h3 class=\"uagb-heading-text\"><a target=\"_blank\" href=\"https:\/\/WWW.uab.cat\/dret\/\" rel=\"noopener noreferrer\"><font color=\"white\">LA FACULTAT<\/font><\/a><\/h3><p class=\"uagb-desc-text\">Facultat de Dret de la Universitat Aut\u00f2noma de Barcelona.<\/p><\/div>\n<\/div>\n<\/div><\/section>\n\n\n\n<section class=\"wp-block-uagb-columns uagb-columns__wrap uagb-columns__background-image uagb-columns__stack-mobile uagb-columns__valign- uagb-columns__gap-10 align uagb-block-8faf289d uagb-columns__columns-3 uagb-columns__max_width-theme\"><div class=\"uagb-columns__overlay\"><\/div><div class=\"uagb-columns__inner-wrap uagb-columns__columns-3\">\n<div class=\"wp-block-uagb-column uagb-column__wrap uagb-column__background-undefined uagb-block-006be0e1\"><div class=\"uagb-column__overlay\"><\/div>\n<p><\/p>\n<\/div>\n\n\n\n<div class=\"wp-block-uagb-column uagb-column__wrap uagb-column__background-undefined uagb-block-b9215eee\"><div class=\"uagb-column__overlay\"><\/div>\n<figure class=\"wp-block-image aligncenter is-resized\"><img loading=\"lazy\" decoding=\"async\" src=\"https:\/\/donesidrets.uab.cat\/wp-content\/uploads\/2019\/05\/LogoBlanco.png\" alt=\"\" class=\"wp-image-1687\" width=\"385\" height=\"118\" srcset=\"https:\/\/donesidrets.uab.cat\/wp-content\/uploads\/2019\/05\/LogoBlanco.png 947w, https:\/\/donesidrets.uab.cat\/wp-content\/uploads\/2019\/05\/LogoBlanco-300x92.png 300w, https:\/\/donesidrets.uab.cat\/wp-content\/uploads\/2019\/05\/LogoBlanco-768x236.png 768w\" sizes=\"auto, (max-width: 385px) 100vw, 385px\" \/><\/figure>\n\n\n\n<div class=\"wp-block-columns has-2-columns is-layout-flex wp-container-core-columns-is-layout-1 wp-block-columns-is-layout-flex\">\n<div class=\"wp-block-column is-layout-flow wp-block-column-is-layout-flow\">\n<p><\/p>\n<\/div>\n\n\n\n<div class=\"wp-block-column is-layout-flow wp-block-column-is-layout-flow\"><\/div>\n<\/div>\n\n\n\n<div class=\"wp-block-columns has-2-columns is-layout-flex wp-container-core-columns-is-layout-2 wp-block-columns-is-layout-flex\">\n<div class=\"wp-block-column is-layout-flow wp-block-column-is-layout-flow\">\n<p class=\"has-text-align-center has-text-color\" style=\"color:#ffffff\"> <br>&#8220;Ni el govern federal ni l&#8217;estatal actua de manera compatible amb la protecci\u00f3 igualit\u00e0ria quan una llei o una pol\u00edtica nega a les dones, simplement perqu\u00e8 s\u00f3n dones, el m\u00e0xim estat de la ciutadania: igualtat d&#8217;oportunitats per aspirar, aconseguir, participar i contribuir a la societat basant-se en els seus talents individuals i capacitats.&#8221;<br> <strong>Ruth Bader Ginsburg<\/strong>  <\/p>\n<\/div>\n\n\n\n<div class=\"wp-block-column is-layout-flow wp-block-column-is-layout-flow\">\n<p class=\"has-text-align-center has-text-color\" style=\"color:#ffffff\"> <br>&#8220;Neither federal nor state government acts compatibly with equal protection when a law or official policy denies to women, simply because they are women, full citizenship stature &#8211; equal opportunity to aspire, achieve, participate in and contribute to society based on their individual talents and capacities.&#8221;<br> <strong>Ruth Bader Ginsburg<\/strong>  <\/p>\n<\/div>\n<\/div>\n\n\n\n<p class=\"has-text-align-center has-text-color\" style=\"color:#ffffff\"><a href=\"https:\/\/donesidrets.uab.cat\/wp-content\/uploads\/2019\/05\/Sentencia.pdf\" target=\"_blank\" rel=\"noreferrer noopener\" aria-label=\"Acc\u00e9s a la sent\u00e8ncia (s'obre en una nova pestanya)\">Acc\u00e9s a la sent\u00e8ncia<\/a><\/p>\n\n\n\n<div style=\"height:60px\" aria-hidden=\"true\" class=\"wp-block-spacer\"><\/div>\n\n\n\n<div class=\"wp-block-uagb-icon-list uagb-block-9e43c841 uagb-icon-list__outer-wrap uagb-icon-list__layout-horizontal uagb-icon-list__no-label\" id=\"uagb-icon-list-478a410c-08ea-4a99-91af-f9d501f7614c\"><div class=\"uagb-icon-list__wrap\">\n<div class=\"wp-block-uagb-icon-list-child uagb-block-d58b7347\"><span class=\"uagb-icon-list__source-wrap\"><svg xmlns=\"https:\/\/www.w3.org\/2000\/svg\" viewBox=\"0 0 512 512\"><path d=\"M256 0C114.6 0 0 114.6 0 256c0 141.4 114.6 256 256 256s256-114.6 256-256C512 114.6 397.4 0 256 0zM406.6 278.6l-103.1 103.1c-12.5 12.5-32.75 12.5-45.25 0s-12.5-32.75 0-45.25L306.8 288H128C110.3 288 96 273.7 96 256s14.31-32 32-32h178.8l-49.38-49.38c-12.5-12.5-12.5-32.75 0-45.25s32.75-12.5 45.25 0l103.1 103.1C414.6 241.3 416 251.1 416 256C416 260.9 414.6 270.7 406.6 278.6z\"><\/path><\/svg><\/span><\/div>\n\n\n\n<div class=\"wp-block-uagb-icon-list-child uagb-block-5515ddab\"><span class=\"uagb-icon-list__source-wrap\"><svg xmlns=\"https:\/\/www.w3.org\/2000\/svg\" viewBox=\"0 0 512 512\"><path d=\"M256 0C114.6 0 0 114.6 0 256c0 141.4 114.6 256 256 256s256-114.6 256-256C512 114.6 397.4 0 256 0zM406.6 278.6l-103.1 103.1c-12.5 12.5-32.75 12.5-45.25 0s-12.5-32.75 0-45.25L306.8 288H128C110.3 288 96 273.7 96 256s14.31-32 32-32h178.8l-49.38-49.38c-12.5-12.5-12.5-32.75 0-45.25s32.75-12.5 45.25 0l103.1 103.1C414.6 241.3 416 251.1 416 256C416 260.9 414.6 270.7 406.6 278.6z\"><\/path><\/svg><\/span><\/div>\n\n\n\n<div class=\"wp-block-uagb-icon-list-child uagb-block-eac11d78\"><span class=\"uagb-icon-list__source-wrap\"><svg xmlns=\"https:\/\/www.w3.org\/2000\/svg\" viewBox=\"0 0 512 512\"><path d=\"M256 0C114.6 0 0 114.6 0 256c0 141.4 114.6 256 256 256s256-114.6 256-256C512 114.6 397.4 0 256 0zM406.6 278.6l-103.1 103.1c-12.5 12.5-32.75 12.5-45.25 0s-12.5-32.75 0-45.25L306.8 288H128C110.3 288 96 273.7 96 256s14.31-32 32-32h178.8l-49.38-49.38c-12.5-12.5-12.5-32.75 0-45.25s32.75-12.5 45.25 0l103.1 103.1C414.6 241.3 416 251.1 416 256C416 260.9 414.6 270.7 406.6 278.6z\"><\/path><\/svg><\/span><\/div>\n\n\n\n<div class=\"wp-block-uagb-icon-list-child uagb-block-a4291507\"><span class=\"uagb-icon-list__source-wrap\"><svg xmlns=\"https:\/\/www.w3.org\/2000\/svg\" viewBox=\"0 0 512 512\"><path d=\"M256 0C114.6 0 0 114.6 0 256c0 141.4 114.6 256 256 256s256-114.6 256-256C512 114.6 397.4 0 256 0zM406.6 278.6l-103.1 103.1c-12.5 12.5-32.75 12.5-45.25 0s-12.5-32.75 0-45.25L306.8 288H128C110.3 288 96 273.7 96 256s14.31-32 32-32h178.8l-49.38-49.38c-12.5-12.5-12.5-32.75 0-45.25s32.75-12.5 45.25 0l103.1 103.1C414.6 241.3 416 251.1 416 256C416 260.9 414.6 270.7 406.6 278.6z\"><\/path><\/svg><\/span><\/div>\n<\/div><\/div>\n<\/div>\n\n\n\n<div class=\"wp-block-uagb-column uagb-column__wrap uagb-column__background-undefined uagb-block-0aecb55e\"><div class=\"uagb-column__overlay\"><\/div>\n<p><\/p>\n<\/div>\n<\/div><\/section>\n","protected":false},"excerpt":{"rendered":"<p>OBJECTIUS El Centre d&#8217;Estudis i Recerca de Dones i Drets CEDD t\u00e9 per objecte coordinar i impulsar les activitats investigadores directament relacionades amb el g\u00e8nere o els g\u00e8neres. Associades a aquesta tem\u00e0tica es duen a terme tasques de formaci\u00f3 i divulgaci\u00f3 cient\u00edfica amb els centres i institucions de dins i fora de la UAB. En [&hellip;]<\/p>\n","protected":false},"author":1,"featured_media":0,"parent":0,"menu_order":0,"comment_status":"closed","ping_status":"closed","template":"","meta":{"_uag_custom_page_level_css":"","site-sidebar-layout":"no-sidebar","site-content-layout":"page-builder","ast-site-content-layout":"","site-content-style":"default","site-sidebar-style":"default","ast-global-header-display":"","ast-banner-title-visibility":"","ast-main-header-display":"","ast-hfb-above-header-display":"","ast-hfb-below-header-display":"","ast-hfb-mobile-header-display":"","site-post-title":"disabled","ast-breadcrumbs-content":"","ast-featured-img":"disabled","footer-sml-layout":"","theme-transparent-header-meta":"disabled","adv-header-id-meta":"","stick-header-meta":"","header-above-stick-meta":"","header-main-stick-meta":"","header-below-stick-meta":"","astra-migrate-meta-layouts":"default","ast-page-background-enabled":"default","ast-page-background-meta":{"desktop":{"background-color":"","background-image":"","background-repeat":"repeat","background-position":"center center","background-size":"auto","background-attachment":"scroll","background-type":"","background-media":"","overlay-type":"","overlay-color":"","overlay-opacity":"","overlay-gradient":""},"tablet":{"background-color":"","background-image":"","background-repeat":"repeat","background-position":"center center","background-size":"auto","background-attachment":"scroll","background-type":"","background-media":"","overlay-type":"","overlay-color":"","overlay-opacity":"","overlay-gradient":""},"mobile":{"background-color":"","background-image":"","background-repeat":"repeat","background-position":"center center","background-size":"auto","background-attachment":"scroll","background-type":"","background-media":"","overlay-type":"","overlay-color":"","overlay-opacity":"","overlay-gradient":""}},"ast-content-background-meta":{"desktop":{"background-color":"var(--ast-global-color-5)","background-image":"","background-repeat":"repeat","background-position":"center center","background-size":"auto","background-attachment":"scroll","background-type":"","background-media":"","overlay-type":"","overlay-color":"","overlay-opacity":"","overlay-gradient":""},"tablet":{"background-color":"var(--ast-global-color-5)","background-image":"","background-repeat":"repeat","background-position":"center center","background-size":"auto","background-attachment":"scroll","background-type":"","background-media":"","overlay-type":"","overlay-color":"","overlay-opacity":"","overlay-gradient":""},"mobile":{"background-color":"var(--ast-global-color-5)","background-image":"","background-repeat":"repeat","background-position":"center center","background-size":"auto","background-attachment":"scroll","background-type":"","background-media":"","overlay-type":"","overlay-color":"","overlay-opacity":"","overlay-gradient":""}},"footnotes":""},"class_list":["post-1893","page","type-page","status-publish","hentry"],"uagb_featured_image_src":{"full":false,"thumbnail":false,"medium":false,"medium_large":false,"large":false,"1536x1536":false,"2048x2048":false},"uagb_author_info":{"display_name":"admin","author_link":"https:\/\/donesidrets.uab.cat\/index.php\/author\/admin\/"},"uagb_comment_info":0,"uagb_excerpt":"OBJECTIUS El Centre d&#8217;Estudis i Recerca de Dones i Drets CEDD t\u00e9 per objecte coordinar i impulsar les activitats investigadores directament relacionades amb el g\u00e8nere o els g\u00e8neres. Associades a aquesta tem\u00e0tica es duen a terme tasques de formaci\u00f3 i divulgaci\u00f3 cient\u00edfica amb els centres i institucions de dins i fora de la UAB. En&hellip;","_links":{"self":[{"href":"https:\/\/donesidrets.uab.cat\/index.php\/wp-json\/wp\/v2\/pages\/1893","targetHints":{"allow":["GET"]}}],"collection":[{"href":"https:\/\/donesidrets.uab.cat\/index.php\/wp-json\/wp\/v2\/pages"}],"about":[{"href":"https:\/\/donesidrets.uab.cat\/index.php\/wp-json\/wp\/v2\/types\/page"}],"author":[{"embeddable":true,"href":"https:\/\/donesidrets.uab.cat\/index.php\/wp-json\/wp\/v2\/users\/1"}],"replies":[{"embeddable":true,"href":"https:\/\/donesidrets.uab.cat\/index.php\/wp-json\/wp\/v2\/comments?post=1893"}],"version-history":[{"count":41,"href":"https:\/\/donesidrets.uab.cat\/index.php\/wp-json\/wp\/v2\/pages\/1893\/revisions"}],"predecessor-version":[{"id":3057,"href":"https:\/\/donesidrets.uab.cat\/index.php\/wp-json\/wp\/v2\/pages\/1893\/revisions\/3057"}],"wp:attachment":[{"href":"https:\/\/donesidrets.uab.cat\/index.php\/wp-json\/wp\/v2\/media?parent=1893"}],"curies":[{"name":"wp","href":"https:\/\/api.w.org\/{rel}","templated":true}]}}